{"id":512,"date":"2021-12-16T15:54:45","date_gmt":"2021-12-16T14:54:45","guid":{"rendered":"http:\/\/neueweb.fragensteller.com\/?page_id=512"},"modified":"2021-12-16T15:56:44","modified_gmt":"2021-12-16T14:56:44","slug":"wer-bin-ich","status":"publish","type":"page","link":"https:\/\/fragensteller.com\/?page_id=512","title":{"rendered":"Wer bin ich?"},"content":{"rendered":"\n<h4 class=\"wp-block-heading\">\u00abIch bin ich und meine Umst\u00e4nde\u00bb<br>Ortega y Gasset<\/h4>\n\n\n\n<p><\/p>\n\n\n\n<figure class=\"wp-block-embed is-type-video is-provider-youtube wp-block-embed-youtube wp-embed-aspect-4-3 wp-has-aspect-ratio\"><div class=\"wp-block-embed__wrapper\">\n<iframe loading=\"lazy\" hcb-fetch-image-from=\"https:\/\/youtu.be\/nnDlJaJIvss\" title=\"SFCP  just another story\" width=\"940\" height=\"705\" src=\"https:\/\/www.youtube.com\/embed\/nnDlJaJIvss?feature=oembed\" frameborder=\"0\" allow=\"accelerometer; autoplay; clipboard-write; encrypted-media; gyroscope; picture-in-picture\" allowfullscreen><\/iframe>\n<\/div><\/figure>\n\n\n\n<p>Mein Name ist Vander. Ich wurde in einer kleinen Stadt namens <a href=\"https:\/\/www.google.com\/maps\/place\/Piquete+-+SP,+12620-000,+Brasil\/@-22.5781869,-45.2519022,12z\/data=!4m5!3m4!1s0x94ccba25567987bd:0x92b702e677e1cb47!8m2!3d-22.601206!4d-45.168166\">Piquete<\/a>&nbsp;s\u00fcd\u00f6stlich Brasiliens&nbsp;im Bundesstaat S\u00e3o Paulo, an der Grenze zum Bundesstaat Minas Gerais, im Scho\u00df einer einfachen und gew\u00f6hnlichen Familie geboren.<\/p>\n\n\n\n<p>Meine Lust zu lernen und zu entdecken brachte mich nach Europa, wo ich durch mehr oder weniger lange Aufenthalte auch von vielen anderen grossen und kleinen Orten erfuhr und wo ich das Gl\u00fcck hatte, ganz besondere Kulturen und Menschen kennenzulernen. Die Route f\u00fchrt von&nbsp;S\u00e3o Paulo nach&nbsp;M\u00fcnchen und weiter nach&nbsp;Barcelona bis nach Bern.<\/p>\n\n\n\n<p>&#8222;Ich bin ich und meine Umst\u00e4nde&#8220;, dieser bekannte Ausdruck verdichtet f\u00fcr mich die Grundidee, welche erkl\u00e4rt, inwiefern ich nicht trennen kann, was ich heute bin, von den Orten, die ich durchlaufen habe und offensichtlich wo ich jetzt bin und eben all die weiteren Umst\u00e4nde.<\/p>\n\n\n\n<p>Ich bin als Architekt&nbsp;im schweizerischen Freiburg t\u00e4tig . Von 2009 bis 2012 habe ich in Barcelona Philosophie studiert, aber leider nicht abgeschlossen. Ich nehme regelm\u00e4\u00dfig an Sokratischen Dialogen seit 2010 teil. Seit 2013 leite ich&nbsp;Sokratische Gespr\u00e4chen.<\/p>\n\n\n\n<p>Auf diesem fragenden Blog geht es haupts\u00e4chlich um philosophische Fragen, das Sokratisches Gespr\u00e4ch,&nbsp;kritisches Denken,&nbsp;und philosophisches mehr.&nbsp;Manchmal geht es sogar um Architektur.<\/p>\n\n\n\n<p>Wichtig ist es, dass wir uns nicht langweilen!<\/p>\n\n\n\n<p>Beitr\u00e4ge und Fragen sind herzlich Willkommen! Aber nur gute!<\/p>\n\n\n\n<p>Ich habe viele Fragen und Interessen und leider immer zu wenig Zeit, sie alles mit gleicher Intensit\u00e4t zu erleben. Ich tue, was ich kann!<\/p>\n\n\n\n<p>Hat sonst noch jemand Fragen?<\/p>\n\n\n\n<p>+info: <a href=\"https:\/\/www.linkedin.com\/in\/vanderlemes\/\" target=\"_blank\" rel=\"noreferrer noopener\">Linkedin<\/a> <a href=\"https:\/\/www.instagram.com\/vanderlemes\/\" target=\"_blank\" rel=\"noreferrer noopener\">Instagramm<\/a>\u00a0<a href=\"https:\/\/twitter.com\/vanderlemes\" target=\"_blank\" rel=\"noreferrer noopener\">Twitter<\/a> <a href=\"https:\/\/www.youtube.com\/user\/vanderlemes\/videos?view_as=subscriber\" target=\"_blank\" rel=\"noreferrer noopener\">Youtube<\/a><\/p>\n","protected":false},"excerpt":{"rendered":"<p>\u00abIch bin ich und meine Umst\u00e4nde\u00bbOrtega y Gasset Mein Name ist Vander. Ich wurde in einer kleinen Stadt [&hellip;]<\/p>\n","protected":false},"author":3,"featured_media":0,"parent":0,"menu_order":23,"comment_status":"closed","ping_status":"open","template":"","meta":{"footnotes":""},"class_list":["post-512","page","type-page","status-publish","hentry"],"_links":{"self":[{"href":"https:\/\/fragensteller.com\/index.php?rest_route=\/wp\/v2\/pages\/512","targetHints":{"allow":["GET"]}}],"collection":[{"href":"https:\/\/fragensteller.com\/index.php?rest_route=\/wp\/v2\/pages"}],"about":[{"href":"https:\/\/fragensteller.com\/index.php?rest_route=\/wp\/v2\/types\/page"}],"author":[{"embeddable":true,"href":"https:\/\/fragensteller.com\/index.php?rest_route=\/wp\/v2\/users\/3"}],"replies":[{"embeddable":true,"href":"https:\/\/fragensteller.com\/index.php?rest_route=%2Fwp%2Fv2%2Fcomments&post=512"}],"version-history":[{"count":4,"href":"https:\/\/fragensteller.com\/index.php?rest_route=\/wp\/v2\/pages\/512\/revisions"}],"predecessor-version":[{"id":998,"href":"https:\/\/fragensteller.com\/index.php?rest_route=\/wp\/v2\/pages\/512\/revisions\/998"}],"wp:attachment":[{"href":"https:\/\/fragensteller.com\/index.php?rest_route=%2Fwp%2Fv2%2Fmedia&parent=512"}],"curies":[{"name":"wp","href":"https:\/\/api.w.org\/{rel}","templated":true}]}}