{"id":594,"date":"2021-12-17T09:01:37","date_gmt":"2021-12-17T08:01:37","guid":{"rendered":"http:\/\/neueweb.fragensteller.com\/?page_id=594"},"modified":"2021-12-17T09:01:38","modified_gmt":"2021-12-17T08:01:38","slug":"enlaces","status":"publish","type":"page","link":"https:\/\/fragensteller.com\/?page_id=594&lang=es","title":{"rendered":"Enlaces"},"content":{"rendered":"\n<h3 class=\"wp-block-heading\">Organizaciones<\/h3>\n\n\n\n<p><a href=\"http:\/\/sfcp.org.uk\">SFCP Society for the Furtherance of Critical Philosophy&nbsp;<\/a><\/p>\n\n\n\n<p><a href=\"http:\/\/www.philosophisch-politische-akademie.de\/lene.html\">PPA Philosophisch-Politische Akademie&nbsp;<\/a><\/p>\n\n\n\n<p><a href=\"http:\/\/www.philosophisch-politische-akademie.de\/gsp.html#top\">GSP Gesellschaft f\u00fcr Sokratisches Philosophieren<\/a><\/p>\n\n\n\n<p><a href=\"http:\/\/ffsg.gmxhome.de\">FFSG Freunde und F\u00f6rderer des Sokratischen Gespr\u00e4chs&nbsp;<\/a><\/p>\n\n\n\n<p><a href=\"https:\/\/www.socraticdialogue.org\/en\/neo-socratic-dialogue\/\">Sokratovsk\u00e9 rozhovory z.s.&nbsp;Di\u00e1logos socr\u00e1ticos en la Rep\u00fablica Checa<\/a><\/p>\n\n\n\n<h3 class=\"wp-block-heading\">Inspiraciones<\/h3>\n\n\n\n<p><a href=\"https:\/\/aeon.co\">AEON digital Magazin<\/a>&nbsp;on Philosophy, Psychologe, Science, Health, Society, Technology, Culture&nbsp;<em>&#8222;big ideas, serious enquiry and a humane worldview.&#8220;<\/em><\/p>\n\n\n\n<p><a href=\"https:\/\/www.hoheluft-magazin.de\">Hohe Luft Philosophie Zeitschrift<\/a>&nbsp;f\u00fcr alle die, die Lust (und Freunde) am Denken haben.<\/p>\n\n\n\n<p><a href=\"https:\/\/www.hetnieuwetrivium.nl\/index.php?id=173\">Het nieuw Trivium<\/a>&nbsp;always a source of inspiration<\/p>\n\n\n\n<p><a href=\"http:\/\/socratischgesprek.be\/?lang=en\">Kristof van Rossem<\/a> un facilitador belga con mucha experiencia.<\/p>\n","protected":false},"excerpt":{"rendered":"<p>Organizaciones SFCP Society for the Furtherance of Critical Philosophy&nbsp; PPA Philosophisch-Politische Akademie&nbsp; GSP Gesellschaft f\u00fcr Sokratisches Philosophieren FFSG [&hellip;]<\/p>\n","protected":false},"author":3,"featured_media":0,"parent":0,"menu_order":20,"comment_status":"closed","ping_status":"open","template":"","meta":{"footnotes":""},"class_list":["post-594","page","type-page","status-publish","hentry"],"_links":{"self":[{"href":"https:\/\/fragensteller.com\/index.php?rest_route=\/wp\/v2\/pages\/594","targetHints":{"allow":["GET"]}}],"collection":[{"href":"https:\/\/fragensteller.com\/index.php?rest_route=\/wp\/v2\/pages"}],"about":[{"href":"https:\/\/fragensteller.com\/index.php?rest_route=\/wp\/v2\/types\/page"}],"author":[{"embeddable":true,"href":"https:\/\/fragensteller.com\/index.php?rest_route=\/wp\/v2\/users\/3"}],"replies":[{"embeddable":true,"href":"https:\/\/fragensteller.com\/index.php?rest_route=%2Fwp%2Fv2%2Fcomments&post=594"}],"version-history":[{"count":1,"href":"https:\/\/fragensteller.com\/index.php?rest_route=\/wp\/v2\/pages\/594\/revisions"}],"predecessor-version":[{"id":595,"href":"https:\/\/fragensteller.com\/index.php?rest_route=\/wp\/v2\/pages\/594\/revisions\/595"}],"wp:attachment":[{"href":"https:\/\/fragensteller.com\/index.php?rest_route=%2Fwp%2Fv2%2Fmedia&parent=594"}],"curies":[{"name":"wp","href":"https:\/\/api.w.org\/{rel}","templated":true}]}}