{"id":713,"date":"2021-12-17T14:32:54","date_gmt":"2021-12-17T13:32:54","guid":{"rendered":"http:\/\/neueweb.fragensteller.com\/?page_id=713"},"modified":"2022-01-21T09:13:04","modified_gmt":"2022-01-21T08:13:04","slug":"qui-suis-je","status":"publish","type":"page","link":"https:\/\/fragensteller.com\/?page_id=713&lang=fr","title":{"rendered":"Qui suis-je?"},"content":{"rendered":"\n<h4 class=\"wp-block-heading\">\u00abJe suis moi et mes circonstances\u00bb<br>Ortega y Gasset<\/h4>\n\n\n\n<p><\/p>\n\n\n\n<figure class=\"wp-block-embed is-type-video is-provider-youtube wp-block-embed-youtube wp-embed-aspect-4-3 wp-has-aspect-ratio\"><div class=\"wp-block-embed__wrapper\">\n<iframe loading=\"lazy\" hcb-fetch-image-from=\"https:\/\/youtu.be\/nnDlJaJIvss\" title=\"SFCP  just another story\" width=\"940\" height=\"705\" src=\"https:\/\/www.youtube.com\/embed\/nnDlJaJIvss?feature=oembed\" frameborder=\"0\" allow=\"accelerometer; autoplay; clipboard-write; encrypted-media; gyroscope; picture-in-picture\" allowfullscreen><\/iframe>\n<\/div><\/figure>\n\n\n\n<p>Je m&#8217;appelle Vander et je suis n\u00e9 dans une petite ville du sud-est du Br\u00e9sil, <a href=\"https:\/\/www.google.com\/maps\/place\/Piquete+-+SP,+12620-000,+Brasil\/@-22.5781869,-45.2519022,12z\/data=!4m5!3m4!1s0x94ccba25567987bd:0x92b702e677e1cb47!8m2!3d-22.601206!4d-45.168166\">Piquete<\/a>, dans l&#8217;\u00e9tat de S\u00e3o Paulo, \u00e0 la fronti\u00e8re avec l&#8217;\u00e9tat du Minas Gerais, au sein d&#8217;une famille simple et ordinaire. Da Silva.<\/p>\n\n\n\n<p>Mon d\u00e9sir d&#8217;apprendre et de d\u00e9couvrir m&#8217;a amen\u00e9 ici \u00e0 Berne, en Suisse, en passant par des stations plus ou moins longues dans d&#8217;autres endroits fantastiques, o\u00f9 j&#8217;ai eu la chance de d\u00e9couvrir des cultures et des gens tr\u00e8s sp\u00e9ciaux. Nous pouvons r\u00e9sumer l&#8217;itin\u00e9raire principalement dans ces 3 villes : S\u00e3o Paulo, Munich et Barcelone.<\/p>\n\n\n\n<p>Je travaille comme architecte \u00e0 Fribourg, en Suisse. J&#8217;ai \u00e9tudi\u00e9 la philosophie \u00e0 Barcelone de 2009 \u00e0 2012, sans me dipl\u00f4mer. Je participe r\u00e9guli\u00e8rement \u00e0 des dialogues socratiques depuis 2010, et d\u00e8s 2013 en tant que facilitateur.<\/p>\n\n\n\n<p>J&#8217;ai des int\u00e9r\u00eats multiples et malheureusement peu de temps disponible pour les vivre tous avec la m\u00eame intensit\u00e9. Je fais ce que je peux.<\/p>\n\n\n\n<p>Les contributions et les questions sont les bienvenues ! Mais seulement les bonnes !<\/p>\n\n\n\n<p>Encore des questions ?<\/p>\n\n\n\n<p>+info: <a href=\"https:\/\/www.linkedin.com\/in\/vanderlemes\/\">Linkedin<\/a> <a href=\"https:\/\/www.instagram.com\/vanderlemes\/\">Instagramm<\/a>&nbsp;<a href=\"https:\/\/twitter.com\/vanderlemes\">Twitter<\/a> <a href=\"https:\/\/www.youtube.com\/user\/vanderlemes\/videos?view_as=subscriber\">Youtube<\/a><\/p>\n","protected":false},"excerpt":{"rendered":"<p>\u00abJe suis moi et mes circonstances\u00bbOrtega y Gasset Je m&#8217;appelle Vander et je suis n\u00e9 dans une petite [&hellip;]<\/p>\n","protected":false},"author":3,"featured_media":0,"parent":0,"menu_order":6,"comment_status":"closed","ping_status":"open","template":"","meta":{"footnotes":""},"class_list":["post-713","page","type-page","status-publish","hentry"],"_links":{"self":[{"href":"https:\/\/fragensteller.com\/index.php?rest_route=\/wp\/v2\/pages\/713","targetHints":{"allow":["GET"]}}],"collection":[{"href":"https:\/\/fragensteller.com\/index.php?rest_route=\/wp\/v2\/pages"}],"about":[{"href":"https:\/\/fragensteller.com\/index.php?rest_route=\/wp\/v2\/types\/page"}],"author":[{"embeddable":true,"href":"https:\/\/fragensteller.com\/index.php?rest_route=\/wp\/v2\/users\/3"}],"replies":[{"embeddable":true,"href":"https:\/\/fragensteller.com\/index.php?rest_route=%2Fwp%2Fv2%2Fcomments&post=713"}],"version-history":[{"count":2,"href":"https:\/\/fragensteller.com\/index.php?rest_route=\/wp\/v2\/pages\/713\/revisions"}],"predecessor-version":[{"id":1003,"href":"https:\/\/fragensteller.com\/index.php?rest_route=\/wp\/v2\/pages\/713\/revisions\/1003"}],"wp:attachment":[{"href":"https:\/\/fragensteller.com\/index.php?rest_route=%2Fwp%2Fv2%2Fmedia&parent=713"}],"curies":[{"name":"wp","href":"https:\/\/api.w.org\/{rel}","templated":true}]}}